{"id":74,"date":"2026-04-15T14:35:46","date_gmt":"2026-04-15T14:35:46","guid":{"rendered":"https:\/\/fotowoltaika-opole.pl\/?page_id=74"},"modified":"2026-04-16T08:23:23","modified_gmt":"2026-04-16T08:23:23","slug":"oze-sr-oze","status":"publish","type":"page","link":"https:\/\/fotowoltaika-opole.pl\/index.php\/oze-sr-oze\/","title":{"rendered":"OZE-SR-OZE"},"content":{"rendered":"\n<div class=\"wp-block-group alignfull has-background is-layout-flow wp-block-group-is-layout-flow\" style=\"background-color:#f5eac1;padding-top:6vw;padding-right:6vw;padding-bottom:6vw;padding-left:6vw\">\n<div class=\"wp-block-group is-vertical is-nowrap is-layout-flex wp-container-core-group-is-layout-36fd9ea3 wp-block-group-is-layout-flex\" style=\"padding-right:0;padding-left:0\">\n<h6 class=\"wp-block-heading has-text-align-center has-text-color\" id=\"ecosystem\" style=\"border-width:2px;border-top-left-radius:20px;border-top-right-radius:20px;border-bottom-left-radius:20px;border-bottom-right-radius:20px;color:#000000;font-size:43px\"><mark style=\"background-color:rgba(0, 0, 0, 0)\" class=\"has-inline-color has-ast-global-color-6-color\">OZE, o kt\u00f3rym m\u00f3wi\u0105 wszyscy.<br><\/mark><\/h6>\n\n\n\n<figure class=\"wp-block-image size-full is-style-default\"><img decoding=\"async\" src=\"https:\/\/fotowoltaika-opole.pl\/wp-content\/uploads\/2026\/04\/EnSky_OZE-SR-OZE.png\" alt=\"\" class=\"wp-image-81\" style=\"object-fit:cover\"\/><\/figure>\n\n\n\n<p class=\"has-text-color\" style=\"color:#000000;font-size:6vw;font-style:normal;font-weight:700;letter-spacing:0px;line-height:0.9;text-decoration:none;text-transform:none\">OZE-sroze? <\/p>\n<\/div>\n\n\n\n<div class=\"wp-block-group alignwide is-vertical is-nowrap is-layout-flex wp-container-core-group-is-layout-7946b6b8 wp-block-group-is-layout-flex\" style=\"padding-top:0;padding-right:0;padding-bottom:0;padding-left:0\">\n<div class=\"wp-block-columns alignwide is-layout-flex wp-container-core-columns-is-layout-21b20327 wp-block-columns-is-layout-flex\">\n<div class=\"wp-block-column is-layout-flow wp-block-column-is-layout-flow\" style=\"flex-basis:33.38%\">\n<p class=\"has-text-color\" style=\"color:#000000;font-size:17px\">Sprawdzamy to w praktyce. 25 lat do\u015bwiadczenia w instalacjach elektrycznych, fotowoltaice i pompach ciep\u0142a.<\/p>\n\n\n\n<p class=\"has-text-color\" style=\"color:#000000;font-size:17px\">O odnawialnych \u017ar\u00f3d\u0142ach energii zrobi\u0142o si\u0119 ostatnio g\u0142o\u015bno.<br>My nie komentujemy \u2013 my dzia\u0142amy.<\/p>\n\n\n\n<p class=\"has-text-color\" style=\"color:#000000;font-size:17px\">Od 25 lat projektujemy i wykonujemy instalacje, kt\u00f3re przynosz\u0105 realne oszcz\u0119dno\u015bci.<\/p>\n\n\n\n<p><strong>W internecie du\u017co si\u0119 m\u00f3wi.<br>My robimy instalacje, kt\u00f3re dzia\u0142aj\u0105.<\/strong><\/p>\n\n\n\n<p><strong>Fotowoltaika<\/strong><br>Ni\u017csze rachunki za pr\u0105d<\/p>\n\n\n\n<p><strong>Pompy ciep\u0142a<\/strong><br>Ogrzewanie bez w\u0119gla i gazu<\/p>\n<\/div>\n\n\n\n<div class=\"wp-block-column is-layout-flow wp-block-column-is-layout-flow\" style=\"flex-basis:33%\">\n<div style=\"height:2vw\" aria-hidden=\"true\" class=\"wp-block-spacer\"><\/div>\n\n\n\n<figure class=\"wp-block-image size-full\"><img loading=\"lazy\" decoding=\"async\" width=\"474\" height=\"870\" src=\"https:\/\/fotowoltaika-opole.pl\/wp-content\/uploads\/2026\/04\/ozesr_split_1-e1776317645602.png\" alt=\"\" class=\"wp-image-85\" srcset=\"https:\/\/fotowoltaika-opole.pl\/wp-content\/uploads\/2026\/04\/ozesr_split_1-e1776317645602.png 474w, https:\/\/fotowoltaika-opole.pl\/wp-content\/uploads\/2026\/04\/ozesr_split_1-e1776317645602-163x300.png 163w\" sizes=\"auto, (max-width: 474px) 100vw, 474px\" \/><\/figure>\n<\/div>\n\n\n\n<div class=\"wp-block-column is-layout-flow wp-block-column-is-layout-flow\" style=\"flex-basis:33.62%\">\n<figure class=\"wp-block-image size-full\"><img loading=\"lazy\" decoding=\"async\" width=\"450\" height=\"864\" src=\"https:\/\/fotowoltaika-opole.pl\/wp-content\/uploads\/2026\/04\/ozesr_split_2-e1776317681252.png\" alt=\"\" class=\"wp-image-84\" srcset=\"https:\/\/fotowoltaika-opole.pl\/wp-content\/uploads\/2026\/04\/ozesr_split_2-e1776317681252.png 450w, https:\/\/fotowoltaika-opole.pl\/wp-content\/uploads\/2026\/04\/ozesr_split_2-e1776317681252-156x300.png 156w\" sizes=\"auto, (max-width: 450px) 100vw, 450px\" \/><\/figure>\n<\/div>\n<\/div>\n\n\n\n<div class=\"wp-block-columns alignwide is-layout-flex wp-container-core-columns-is-layout-c24efe4f wp-block-columns-is-layout-flex\">\n<div class=\"wp-block-column is-layout-flow wp-block-column-is-layout-flow\" style=\"flex-basis:69%\">\n<figure class=\"wp-block-image size-full\"><img loading=\"lazy\" decoding=\"async\" width=\"478\" height=\"870\" src=\"https:\/\/fotowoltaika-opole.pl\/wp-content\/uploads\/2026\/04\/ozesr_split_3-e1776317720932.png\" alt=\"\" class=\"wp-image-83\" srcset=\"https:\/\/fotowoltaika-opole.pl\/wp-content\/uploads\/2026\/04\/ozesr_split_3-e1776317720932.png 478w, https:\/\/fotowoltaika-opole.pl\/wp-content\/uploads\/2026\/04\/ozesr_split_3-e1776317720932-165x300.png 165w\" sizes=\"auto, (max-width: 478px) 100vw, 478px\" \/><\/figure>\n<\/div>\n\n\n\n<div class=\"wp-block-column is-vertically-aligned-center is-layout-flow wp-block-column-is-layout-flow\" style=\"flex-basis:33%\">\n<div style=\"height:2vw\" aria-hidden=\"true\" class=\"wp-block-spacer\"><\/div>\n\n\n\n<p class=\"has-text-color\" style=\"color:#000000;font-size:17px\">EnSky &amp; Tehilo Sp. z o.o.<br>\u2714 25 lat do\u015bwiadczenia<br>\u2714 setki realizacji<br>\u2714 pe\u0142ne uprawnienia<\/p>\n\n\n\n<p class=\"has-text-color\" style=\"color:#000000;font-size:17px\">Efekt?<br>Ni\u017csze rachunki, wi\u0119ksza niezale\u017cno\u015b\u0107 i spok\u00f3j na lata.<\/p>\n\n\n\n<p class=\"has-text-color\" style=\"color:#000000;font-size:17px\"><strong>Realne oszcz\u0119dno\u015bci<\/strong><br>Sprawd\u017a ile mo\u017cesz zyska\u0107<\/p>\n\n\n\n<div class=\"wp-block-buttons is-layout-flex wp-block-buttons-is-layout-flex\">\n<div class=\"wp-block-button\"><a class=\"wp-block-button__link wp-element-button\" href=\"https:\/\/fotowoltaika-opole.pl\/index.php\/kontakt\/\">KONTAKT<\/a><\/div>\n<\/div>\n\n\n\n<p><\/p>\n<\/div>\n<\/div>\n<\/div>\n\n\n\n<figure class=\"wp-block-image alignfull size-full\"><img loading=\"lazy\" decoding=\"async\" width=\"1536\" height=\"453\" src=\"https:\/\/fotowoltaika-opole.pl\/wp-content\/uploads\/2026\/04\/ChatGPT-Image-16-kwi-2026-09_18_09-e1776324071137.png\" alt=\"\" class=\"wp-image-93\" srcset=\"https:\/\/fotowoltaika-opole.pl\/wp-content\/uploads\/2026\/04\/ChatGPT-Image-16-kwi-2026-09_18_09-e1776324071137.png 1536w, https:\/\/fotowoltaika-opole.pl\/wp-content\/uploads\/2026\/04\/ChatGPT-Image-16-kwi-2026-09_18_09-e1776324071137-300x88.png 300w, https:\/\/fotowoltaika-opole.pl\/wp-content\/uploads\/2026\/04\/ChatGPT-Image-16-kwi-2026-09_18_09-e1776324071137-1024x302.png 1024w, https:\/\/fotowoltaika-opole.pl\/wp-content\/uploads\/2026\/04\/ChatGPT-Image-16-kwi-2026-09_18_09-e1776324071137-768x227.png 768w\" sizes=\"auto, (max-width: 1536px) 100vw, 1536px\" \/><\/figure>\n\n\n\n<div style=\"height:1vw\" aria-hidden=\"true\" class=\"wp-block-spacer\"><\/div>\n<\/div>\n\n\n\n<p><\/p>\n","protected":false},"excerpt":{"rendered":"<p>OZE, o kt\u00f3rym m\u00f3wi\u0105 wszyscy. OZE-sroze? Sprawdzamy to w praktyce. 25 lat do\u015bwiadczenia w instalacjach elektrycznych, fotowoltaice i pompach ciep\u0142a. [&hellip;]<\/p>\n","protected":false},"author":1,"featured_media":0,"parent":0,"menu_order":0,"comment_status":"closed","ping_status":"closed","template":"","meta":{"site-sidebar-layout":"default","site-content-layout":"","ast-site-content-layout":"default","site-content-style":"default","site-sidebar-style":"default","ast-global-header-display":"","ast-banner-title-visibility":"","ast-main-header-display":"","ast-hfb-above-header-display":"","ast-hfb-below-header-display":"","ast-hfb-mobile-header-display":"","site-post-title":"","ast-breadcrumbs-content":"","ast-featured-img":"","footer-sml-layout":"","ast-disable-related-posts":"","theme-transparent-header-meta":"","adv-header-id-meta":"","stick-header-meta":"","header-above-stick-meta":"","header-main-stick-meta":"","header-below-stick-meta":"","astra-migrate-meta-layouts":"default","ast-page-background-enabled":"default","ast-page-background-meta":{"desktop":{"background-color":"var(--ast-global-color-5)","background-image":"","background-repeat":"repeat","background-position":"center center","background-size":"auto","background-attachment":"scroll","background-type":"","background-media":"","overlay-type":"","overlay-color":"","overlay-opacity":"","overlay-gradient":""},"tablet":{"background-color":"","background-image":"","background-repeat":"repeat","background-position":"center center","background-size":"auto","background-attachment":"scroll","background-type":"","background-media":"","overlay-type":"","overlay-color":"","overlay-opacity":"","overlay-gradient":""},"mobile":{"background-color":"","background-image":"","background-repeat":"repeat","background-position":"center center","background-size":"auto","background-attachment":"scroll","background-type":"","background-media":"","overlay-type":"","overlay-color":"","overlay-opacity":"","overlay-gradient":""}},"ast-content-background-meta":{"desktop":{"background-color":"var(--ast-global-color-4)","background-image":"","background-repeat":"repeat","background-position":"center center","background-size":"auto","background-attachment":"scroll","background-type":"","background-media":"","overlay-type":"","overlay-color":"","overlay-opacity":"","overlay-gradient":""},"tablet":{"background-color":"var(--ast-global-color-4)","background-image":"","background-repeat":"repeat","background-position":"center center","background-size":"auto","background-attachment":"scroll","background-type":"","background-media":"","overlay-type":"","overlay-color":"","overlay-opacity":"","overlay-gradient":""},"mobile":{"background-color":"var(--ast-global-color-4)","background-image":"","background-repeat":"repeat","background-position":"center center","background-size":"auto","background-attachment":"scroll","background-type":"","background-media":"","overlay-type":"","overlay-color":"","overlay-opacity":"","overlay-gradient":""}},"footnotes":""},"class_list":["post-74","page","type-page","status-publish","hentry"],"_links":{"self":[{"href":"https:\/\/fotowoltaika-opole.pl\/index.php\/wp-json\/wp\/v2\/pages\/74","targetHints":{"allow":["GET"]}}],"collection":[{"href":"https:\/\/fotowoltaika-opole.pl\/index.php\/wp-json\/wp\/v2\/pages"}],"about":[{"href":"https:\/\/fotowoltaika-opole.pl\/index.php\/wp-json\/wp\/v2\/types\/page"}],"author":[{"embeddable":true,"href":"https:\/\/fotowoltaika-opole.pl\/index.php\/wp-json\/wp\/v2\/users\/1"}],"replies":[{"embeddable":true,"href":"https:\/\/fotowoltaika-opole.pl\/index.php\/wp-json\/wp\/v2\/comments?post=74"}],"version-history":[{"count":8,"href":"https:\/\/fotowoltaika-opole.pl\/index.php\/wp-json\/wp\/v2\/pages\/74\/revisions"}],"predecessor-version":[{"id":99,"href":"https:\/\/fotowoltaika-opole.pl\/index.php\/wp-json\/wp\/v2\/pages\/74\/revisions\/99"}],"wp:attachment":[{"href":"https:\/\/fotowoltaika-opole.pl\/index.php\/wp-json\/wp\/v2\/media?parent=74"}],"curies":[{"name":"wp","href":"https:\/\/api.w.org\/{rel}","templated":true}]}}